{"id":1794,"date":"2021-12-15T10:48:42","date_gmt":"2021-12-15T10:48:42","guid":{"rendered":"https:\/\/johnschroder.co.uk\/js\/?page_id=1794"},"modified":"2021-12-15T10:59:50","modified_gmt":"2021-12-15T10:59:50","slug":"op055","status":"publish","type":"page","link":"https:\/\/johnschroder.co.uk\/js\/picture-puzzle\/old-puzzle-pictures\/op055\/","title":{"rendered":"OP055"},"content":{"rendered":"<div style=\"text-align:center\">\n<h2>Puzzle Picture 55<\/h2>\n<p><img decoding=\"async\" src=\"https:\/\/johnschroder.co.uk\/js\/wp-content\/uploads\/Images\/OldPics\/Q055.jpg\" alt=\"Q055\" style=\"width:1000px; height:455px; margin-top: 5px\" \/><\/p>\n<h5>The picture is of 2 volcanic cones, M\u00f3\u00f0i and Magni, which were the initial sites of the Eyjafjallaj\u00f6kull eruption in Iceland 2010. They are on the Fimmv\u00f6r\u00f0uh\u00e1ls pass.  The photo was taken in July 2019.<\/h5>\n<p><i>The country was identified by Tim Crane.<\/i>\n<\/div>\n","protected":false},"excerpt":{"rendered":"<p>Puzzle Picture 55 The picture is of 2 volcanic cones, M\u00f3\u00f0i and Magni, which were the initial sites of the Eyjafjallaj\u00f6kull eruption in Iceland 2010. They are on the Fimmv\u00f6r\u00f0uh\u00e1ls pass. The photo was taken in July 2019. The country <span class=\"excerpt-dots\">&hellip;<\/span> <a class=\"more-link\" href=\"https:\/\/johnschroder.co.uk\/js\/picture-puzzle\/old-puzzle-pictures\/op055\/\"><span class=\"more-msg\">Continue reading &rarr;<\/span><\/a><\/p>\n","protected":false},"author":1,"featured_media":0,"parent":456,"menu_order":0,"comment_status":"closed","ping_status":"closed","template":"","meta":{"footnotes":""},"class_list":["post-1794","page","type-page","status-publish","hentry"],"_links":{"self":[{"href":"https:\/\/johnschroder.co.uk\/js\/wp-json\/wp\/v2\/pages\/1794","targetHints":{"allow":["GET"]}}],"collection":[{"href":"https:\/\/johnschroder.co.uk\/js\/wp-json\/wp\/v2\/pages"}],"about":[{"href":"https:\/\/johnschroder.co.uk\/js\/wp-json\/wp\/v2\/types\/page"}],"author":[{"embeddable":true,"href":"https:\/\/johnschroder.co.uk\/js\/wp-json\/wp\/v2\/users\/1"}],"replies":[{"embeddable":true,"href":"https:\/\/johnschroder.co.uk\/js\/wp-json\/wp\/v2\/comments?post=1794"}],"version-history":[{"count":3,"href":"https:\/\/johnschroder.co.uk\/js\/wp-json\/wp\/v2\/pages\/1794\/revisions"}],"predecessor-version":[{"id":1797,"href":"https:\/\/johnschroder.co.uk\/js\/wp-json\/wp\/v2\/pages\/1794\/revisions\/1797"}],"up":[{"embeddable":true,"href":"https:\/\/johnschroder.co.uk\/js\/wp-json\/wp\/v2\/pages\/456"}],"wp:attachment":[{"href":"https:\/\/johnschroder.co.uk\/js\/wp-json\/wp\/v2\/media?parent=1794"}],"curies":[{"name":"wp","href":"https:\/\/api.w.org\/{rel}","templated":true}]}}